{"id":5788,"date":"2024-01-10T10:49:03","date_gmt":"2024-01-10T08:49:03","guid":{"rendered":"https:\/\/www.dreamivfcyprus.com\/blog\/"},"modified":"2024-07-16T10:29:48","modified_gmt":"2024-07-16T08:29:48","slug":"blog","status":"publish","type":"page","link":"https:\/\/www.dreamivfcyprus.com\/it\/blog\/","title":{"rendered":"Blog"},"content":{"rendered":"\t\t<div data-elementor-type=\"wp-page\" data-elementor-id=\"5788\" class=\"elementor elementor-5788 elementor-439\" data-elementor-post-type=\"page\">\n\t\t\t\t\t\t<section class=\"elementor-section elementor-top-section elementor-element elementor-element-2a7fa54 elementor-section-boxed elementor-section-height-default elementor-section-height-default\" data-id=\"2a7fa54\" data-element_type=\"section\" data-e-type=\"section\" data-settings=\"{&quot;background_background&quot;:&quot;classic&quot;}\">\n\t\t\t\t\t\t<div class=\"elementor-container elementor-column-gap-default\">\n\t\t\t\t\t<div class=\"elementor-column elementor-col-100 elementor-top-column elementor-element elementor-element-145b548\" data-id=\"145b548\" data-element_type=\"column\" data-e-type=\"column\">\n\t\t\t<div class=\"elementor-widget-wrap elementor-element-populated\">\n\t\t\t\t\t\t<div class=\"elementor-element elementor-element-fd356d8 elementor-widget elementor-widget-heading\" data-id=\"fd356d8\" data-element_type=\"widget\" data-e-type=\"widget\" data-widget_type=\"heading.default\">\n\t\t\t\t<div class=\"elementor-widget-container\">\n\t\t\t\t\t<h1 class=\"elementor-heading-title elementor-size-default\">Blog sulla fertilit\u00e0<\/h1>\t\t\t\t<\/div>\n\t\t\t\t<\/div>\n\t\t\t\t<div class=\"elementor-element elementor-element-2572b79 elementor-widget elementor-widget-text-editor\" data-id=\"2572b79\" data-element_type=\"widget\" data-e-type=\"widget\" data-widget_type=\"text-editor.default\">\n\t\t\t\t<div class=\"elementor-widget-container\">\n\t\t\t\t\t\t\t\t\t<p>Vuoi saperne di pi\u00f9 sui trattamenti di fertilit\u00e0 a Cipro? Ti copriamo noi! Dai un&#8217;occhiata al nostro blog per avere informazioni sulla fertilit\u00e0 e consigli sul tuo percorso di fecondazione assistita.<\/p>\n\t\t\t\t\t\t\t\t<\/div>\n\t\t\t\t<\/div>\n\t\t\t\t<div class=\"elementor-element elementor-element-88c3d4a elementor-grid-3 elementor-grid-tablet-2 elementor-grid-mobile-1 elementor-posts--thumbnail-top elementor-card-shadow-yes elementor-posts__hover-gradient elementor-widget elementor-widget-posts\" data-id=\"88c3d4a\" data-element_type=\"widget\" data-e-type=\"widget\" data-settings=\"{&quot;pagination_type&quot;:&quot;numbers&quot;,&quot;cards_columns&quot;:&quot;3&quot;,&quot;cards_columns_tablet&quot;:&quot;2&quot;,&quot;cards_columns_mobile&quot;:&quot;1&quot;,&quot;cards_row_gap&quot;:{&quot;unit&quot;:&quot;px&quot;,&quot;size&quot;:35,&quot;sizes&quot;:[]},&quot;cards_row_gap_laptop&quot;:{&quot;unit&quot;:&quot;px&quot;,&quot;size&quot;:&quot;&quot;,&quot;sizes&quot;:[]},&quot;cards_row_gap_tablet&quot;:{&quot;unit&quot;:&quot;px&quot;,&quot;size&quot;:&quot;&quot;,&quot;sizes&quot;:[]},&quot;cards_row_gap_mobile&quot;:{&quot;unit&quot;:&quot;px&quot;,&quot;size&quot;:&quot;&quot;,&quot;sizes&quot;:[]}}\" data-widget_type=\"posts.cards\">\n\t\t\t\t<div class=\"elementor-widget-container\">\n\t\t\t\t\t\t\t<div class=\"elementor-posts-container elementor-posts elementor-posts--skin-cards elementor-grid\" role=\"list\">\n\t\t\t\t<article class=\"elementor-post elementor-grid-item post-8198 post type-post status-publish format-standard has-post-thumbnail hentry category-cipro category-cipro-ivf category-clinica-della-fertilita category-congelamento-delle-uova category-costo-ivf-cipro category-ivf-in-eta-avanzata category-prezzi-della-fecondazione-in-vitro category-procedura-di-fecondazione-in-vitro category-procedura-di-fecondazione-in-vitro-a-cipro category-stile-di-vita-della-fecondazione-in-vitro category-tassi-di-successo-della-fecondazione-in-vitro tag-calcolatore-del-costo-dellivf tag-costo-dellivf tag-ivf-a-cipro tag-ivf-senza-stress tag-la-migliore-clinica-della-fertilita-di-cipro tag-maternita-surrogata-a-cipro\" role=\"listitem\">\n\t\t\t<div class=\"elementor-post__card\">\n\t\t\t\t<a class=\"elementor-post__thumbnail__link\" href=\"https:\/\/www.dreamivfcyprus.com\/it\/2025\/03\/04\/pianificazione-finanziaria-per-la-fivet-a-cipro-costi-budget-e-opzioni-di-pagamento\/\" tabindex=\"-1\" target=\"_blank\"><div class=\"elementor-post__thumbnail\"><img fetchpriority=\"high\" decoding=\"async\" width=\"768\" height=\"1138\" src=\"https:\/\/www.dreamivfcyprus.com\/wp-content\/uploads\/2025\/03\/Financial-Planning-for-IVF-in-Cyprus-Costs-Budgeting-Payment-Options-768x1138.webp\" class=\"attachment-medium_large size-medium_large wp-image-8195\" alt=\"Financial Planning for IVF in Cyprus: Costs, Budgeting &amp; Payment Options\" srcset=\"https:\/\/www.dreamivfcyprus.com\/wp-content\/uploads\/2025\/03\/Financial-Planning-for-IVF-in-Cyprus-Costs-Budgeting-Payment-Options-768x1138.webp 768w, https:\/\/www.dreamivfcyprus.com\/wp-content\/uploads\/2025\/03\/Financial-Planning-for-IVF-in-Cyprus-Costs-Budgeting-Payment-Options-203x300.webp 203w, https:\/\/www.dreamivfcyprus.com\/wp-content\/uploads\/2025\/03\/Financial-Planning-for-IVF-in-Cyprus-Costs-Budgeting-Payment-Options-691x1024.webp 691w, https:\/\/www.dreamivfcyprus.com\/wp-content\/uploads\/2025\/03\/Financial-Planning-for-IVF-in-Cyprus-Costs-Budgeting-Payment-Options-1037x1536.webp 1037w, https:\/\/www.dreamivfcyprus.com\/wp-content\/uploads\/2025\/03\/Financial-Planning-for-IVF-in-Cyprus-Costs-Budgeting-Payment-Options.webp 1080w\" sizes=\"(max-width: 768px) 100vw, 768px\" \/><\/div><\/a>\n\t\t\t\t<div class=\"elementor-post__text\">\n\t\t\t\t<p class=\"elementor-post__title\">\n\t\t\t<a href=\"https:\/\/www.dreamivfcyprus.com\/it\/2025\/03\/04\/pianificazione-finanziaria-per-la-fivet-a-cipro-costi-budget-e-opzioni-di-pagamento\/\" target=&quot;_blank&quot;>\n\t\t\t\tPianificazione finanziaria per la FIVET a Cipro: Costi, budget e opzioni di pagamento\t\t\t<\/a>\n\t\t<\/p>\n\t\t\n\t\t<a class=\"elementor-post__read-more\" href=\"https:\/\/www.dreamivfcyprus.com\/it\/2025\/03\/04\/pianificazione-finanziaria-per-la-fivet-a-cipro-costi-budget-e-opzioni-di-pagamento\/\" aria-label=\"Leggi tutto Pianificazione finanziaria per la FIVET a Cipro: Costi, budget e opzioni di pagamento\" tabindex=\"-1\" target=\"_blank\">\n\t\t\tContinua a leggere \"\t\t<\/a>\n\n\t\t\t\t<\/div>\n\t\t\t\t<div class=\"elementor-post__meta-data\">\n\t\t\t\t\t<span class=\"elementor-post-date\">\n\t\t\t4 Marzo 2025\t\t<\/span>\n\t\t\t\t<\/div>\n\t\t\t\t\t<\/div>\n\t\t<\/article>\n\t\t\t\t<article class=\"elementor-post elementor-grid-item post-7579 post type-post status-publish format-standard has-post-thumbnail hentry category-aborti-ivf category-cipro-ivf category-ivf-it category-successo-della-fecondazione-in-vitro category-tassi-di-successo-della-fecondazione-in-vitro tag-ivf-it tag-ivf-a-cipro tag-pcod-it tag-pcod-ivf-it tag-pcos-it tag-pcos-ivf-it\" role=\"listitem\">\n\t\t\t<div class=\"elementor-post__card\">\n\t\t\t\t<a class=\"elementor-post__thumbnail__link\" href=\"https:\/\/www.dreamivfcyprus.com\/it\/2025\/01\/06\/capire-la-pcos-opzioni-di-trattamento-e-successo-della-fiv\/\" tabindex=\"-1\" target=\"_blank\"><div class=\"elementor-post__thumbnail\"><img decoding=\"async\" width=\"768\" height=\"1138\" src=\"https:\/\/www.dreamivfcyprus.com\/wp-content\/uploads\/2025\/01\/Untitled-design-1-768x1138.png\" class=\"attachment-medium_large size-medium_large wp-image-7600\" alt=\"pcod\" srcset=\"https:\/\/www.dreamivfcyprus.com\/wp-content\/uploads\/2025\/01\/Untitled-design-1-768x1138.png 768w, https:\/\/www.dreamivfcyprus.com\/wp-content\/uploads\/2025\/01\/Untitled-design-1-203x300.png 203w, https:\/\/www.dreamivfcyprus.com\/wp-content\/uploads\/2025\/01\/Untitled-design-1-691x1024.png 691w, https:\/\/www.dreamivfcyprus.com\/wp-content\/uploads\/2025\/01\/Untitled-design-1-1037x1536.png 1037w, https:\/\/www.dreamivfcyprus.com\/wp-content\/uploads\/2025\/01\/Untitled-design-1.png 1080w\" sizes=\"(max-width: 768px) 100vw, 768px\" \/><\/div><\/a>\n\t\t\t\t<div class=\"elementor-post__text\">\n\t\t\t\t<p class=\"elementor-post__title\">\n\t\t\t<a href=\"https:\/\/www.dreamivfcyprus.com\/it\/2025\/01\/06\/capire-la-pcos-opzioni-di-trattamento-e-successo-della-fiv\/\" target=&quot;_blank&quot;>\n\t\t\t\tCapire la PCOS: Opzioni di trattamento e successo della FIV\t\t\t<\/a>\n\t\t<\/p>\n\t\t\n\t\t<a class=\"elementor-post__read-more\" href=\"https:\/\/www.dreamivfcyprus.com\/it\/2025\/01\/06\/capire-la-pcos-opzioni-di-trattamento-e-successo-della-fiv\/\" aria-label=\"Leggi tutto Capire la PCOS: Opzioni di trattamento e successo della FIV\" tabindex=\"-1\" target=\"_blank\">\n\t\t\tContinua a leggere \"\t\t<\/a>\n\n\t\t\t\t<\/div>\n\t\t\t\t<div class=\"elementor-post__meta-data\">\n\t\t\t\t\t<span class=\"elementor-post-date\">\n\t\t\t6 Gennaio 2025\t\t<\/span>\n\t\t\t\t<\/div>\n\t\t\t\t\t<\/div>\n\t\t<\/article>\n\t\t\t\t<article class=\"elementor-post elementor-grid-item post-7578 post type-post status-publish format-standard has-post-thumbnail hentry category-cipro-ivf category-cliniche-per-la-fertilita-a-cipro category-non-categorizzato category-procedura-di-fecondazione-in-vitro-a-cipro category-successo-della-fecondazione-in-vitro tag-ivf-a-cipro tag-ivf-senza-stress tag-rimani-forte tag-sfide-dellivf tag-supporto-emotivo-nellivf\" role=\"listitem\">\n\t\t\t<div class=\"elementor-post__card\">\n\t\t\t\t<a class=\"elementor-post__thumbnail__link\" href=\"https:\/\/www.dreamivfcyprus.com\/it\/2024\/12\/30\/come-affrontare-lo-stress-della-fivet-e-rimanere-resilienti\/\" tabindex=\"-1\" target=\"_blank\"><div class=\"elementor-post__thumbnail\"><img decoding=\"async\" width=\"768\" height=\"1138\" src=\"https:\/\/www.dreamivfcyprus.com\/wp-content\/uploads\/2024\/12\/Untitled-design-2-768x1138.png\" class=\"attachment-medium_large size-medium_large wp-image-7597\" alt=\"Stress of IVF and Stay Resilient\" srcset=\"https:\/\/www.dreamivfcyprus.com\/wp-content\/uploads\/2024\/12\/Untitled-design-2-768x1138.png 768w, https:\/\/www.dreamivfcyprus.com\/wp-content\/uploads\/2024\/12\/Untitled-design-2-203x300.png 203w, https:\/\/www.dreamivfcyprus.com\/wp-content\/uploads\/2024\/12\/Untitled-design-2-691x1024.png 691w, https:\/\/www.dreamivfcyprus.com\/wp-content\/uploads\/2024\/12\/Untitled-design-2-1037x1536.png 1037w, https:\/\/www.dreamivfcyprus.com\/wp-content\/uploads\/2024\/12\/Untitled-design-2.png 1080w\" sizes=\"(max-width: 768px) 100vw, 768px\" \/><\/div><\/a>\n\t\t\t\t<div class=\"elementor-post__text\">\n\t\t\t\t<p class=\"elementor-post__title\">\n\t\t\t<a href=\"https:\/\/www.dreamivfcyprus.com\/it\/2024\/12\/30\/come-affrontare-lo-stress-della-fivet-e-rimanere-resilienti\/\" target=&quot;_blank&quot;>\n\t\t\t\tCome affrontare lo stress della FIVET e rimanere resilienti\t\t\t<\/a>\n\t\t<\/p>\n\t\t\n\t\t<a class=\"elementor-post__read-more\" href=\"https:\/\/www.dreamivfcyprus.com\/it\/2024\/12\/30\/come-affrontare-lo-stress-della-fivet-e-rimanere-resilienti\/\" aria-label=\"Leggi tutto Come affrontare lo stress della FIVET e rimanere resilienti\" tabindex=\"-1\" target=\"_blank\">\n\t\t\tContinua a leggere \"\t\t<\/a>\n\n\t\t\t\t<\/div>\n\t\t\t\t<div class=\"elementor-post__meta-data\">\n\t\t\t\t\t<span class=\"elementor-post-date\">\n\t\t\t30 Dicembre 2024\t\t<\/span>\n\t\t\t\t<\/div>\n\t\t\t\t\t<\/div>\n\t\t<\/article>\n\t\t\t\t<article class=\"elementor-post elementor-grid-item post-7577 post type-post status-publish format-standard has-post-thumbnail hentry category-cipro category-cipro-ivf category-costo-ivf-cipro category-prezzi-della-fecondazione-in-vitro tag-calcolatore-del-costo-dellivf tag-costo-dellivf tag-costo-dellivf-a-cipro tag-ivf-it tag-ivf-a-cipro\" role=\"listitem\">\n\t\t\t<div class=\"elementor-post__card\">\n\t\t\t\t<a class=\"elementor-post__thumbnail__link\" href=\"https:\/\/www.dreamivfcyprus.com\/it\/2024\/12\/23\/quanto-costa-la-fivet-consigli-per-il-budget-del-tuo-trattamento-di-fertilita\/\" tabindex=\"-1\" target=\"_blank\"><div class=\"elementor-post__thumbnail\"><img loading=\"lazy\" decoding=\"async\" width=\"768\" height=\"1138\" src=\"https:\/\/www.dreamivfcyprus.com\/wp-content\/uploads\/2024\/12\/Untitled-design-768x1138.png\" class=\"attachment-medium_large size-medium_large wp-image-7594\" alt=\"How Much Does IVF Cost?\" srcset=\"https:\/\/www.dreamivfcyprus.com\/wp-content\/uploads\/2024\/12\/Untitled-design-768x1138.png 768w, https:\/\/www.dreamivfcyprus.com\/wp-content\/uploads\/2024\/12\/Untitled-design-203x300.png 203w, https:\/\/www.dreamivfcyprus.com\/wp-content\/uploads\/2024\/12\/Untitled-design-691x1024.png 691w, https:\/\/www.dreamivfcyprus.com\/wp-content\/uploads\/2024\/12\/Untitled-design-1037x1536.png 1037w, https:\/\/www.dreamivfcyprus.com\/wp-content\/uploads\/2024\/12\/Untitled-design.png 1080w\" sizes=\"(max-width: 768px) 100vw, 768px\" \/><\/div><\/a>\n\t\t\t\t<div class=\"elementor-post__text\">\n\t\t\t\t<p class=\"elementor-post__title\">\n\t\t\t<a href=\"https:\/\/www.dreamivfcyprus.com\/it\/2024\/12\/23\/quanto-costa-la-fivet-consigli-per-il-budget-del-tuo-trattamento-di-fertilita\/\" target=&quot;_blank&quot;>\n\t\t\t\tQuanto costa la FIVET? Consigli per il budget del tuo trattamento di fertilit\u00e0\t\t\t<\/a>\n\t\t<\/p>\n\t\t\n\t\t<a class=\"elementor-post__read-more\" href=\"https:\/\/www.dreamivfcyprus.com\/it\/2024\/12\/23\/quanto-costa-la-fivet-consigli-per-il-budget-del-tuo-trattamento-di-fertilita\/\" aria-label=\"Leggi tutto Quanto costa la FIVET? Consigli per il budget del tuo trattamento di fertilit\u00e0\" tabindex=\"-1\" target=\"_blank\">\n\t\t\tContinua a leggere \"\t\t<\/a>\n\n\t\t\t\t<\/div>\n\t\t\t\t<div class=\"elementor-post__meta-data\">\n\t\t\t\t\t<span class=\"elementor-post-date\">\n\t\t\t23 Dicembre 2024\t\t<\/span>\n\t\t\t\t<\/div>\n\t\t\t\t\t<\/div>\n\t\t<\/article>\n\t\t\t\t<article class=\"elementor-post elementor-grid-item post-7545 post type-post status-publish format-standard has-post-thumbnail hentry category-cipro category-cipro-ivf category-ivf-it category-maternita-surrogata category-maternita-surrogata-a-cipro tag-ivf-it tag-ivf-a-cipro tag-la-migliore-clinica-della-fertilita-di-cipro tag-maternita-surrogata-a-cipro\" role=\"listitem\">\n\t\t\t<div class=\"elementor-post__card\">\n\t\t\t\t<a class=\"elementor-post__thumbnail__link\" href=\"https:\/\/www.dreamivfcyprus.com\/it\/2024\/07\/30\/opzioni-di-maternita-surrogata-a-cipro-informazioni-essenziali-per-i-futuri-genitori\/\" tabindex=\"-1\" target=\"_blank\"><div class=\"elementor-post__thumbnail\"><img loading=\"lazy\" decoding=\"async\" width=\"768\" height=\"1153\" src=\"https:\/\/www.dreamivfcyprus.com\/wp-content\/uploads\/2024\/07\/baby-surrogacy-768x1153.webp\" class=\"attachment-medium_large size-medium_large wp-image-5965\" alt=\"Couple holding a surrogacy baby in Cyprus\" srcset=\"https:\/\/www.dreamivfcyprus.com\/wp-content\/uploads\/2024\/07\/baby-surrogacy-768x1153.webp 768w, https:\/\/www.dreamivfcyprus.com\/wp-content\/uploads\/2024\/07\/baby-surrogacy-200x300.webp 200w, https:\/\/www.dreamivfcyprus.com\/wp-content\/uploads\/2024\/07\/baby-surrogacy-682x1024.webp 682w, https:\/\/www.dreamivfcyprus.com\/wp-content\/uploads\/2024\/07\/baby-surrogacy-1023x1536.webp 1023w, https:\/\/www.dreamivfcyprus.com\/wp-content\/uploads\/2024\/07\/baby-surrogacy.webp 1066w\" sizes=\"(max-width: 768px) 100vw, 768px\" \/><\/div><\/a>\n\t\t\t\t<div class=\"elementor-post__text\">\n\t\t\t\t<p class=\"elementor-post__title\">\n\t\t\t<a href=\"https:\/\/www.dreamivfcyprus.com\/it\/2024\/07\/30\/opzioni-di-maternita-surrogata-a-cipro-informazioni-essenziali-per-i-futuri-genitori\/\" target=&quot;_blank&quot;>\n\t\t\t\tOpzioni di maternit\u00e0 surrogata a Cipro: Informazioni essenziali per i futuri genitori\t\t\t<\/a>\n\t\t<\/p>\n\t\t\n\t\t<a class=\"elementor-post__read-more\" href=\"https:\/\/www.dreamivfcyprus.com\/it\/2024\/07\/30\/opzioni-di-maternita-surrogata-a-cipro-informazioni-essenziali-per-i-futuri-genitori\/\" aria-label=\"Leggi tutto Opzioni di maternit\u00e0 surrogata a Cipro: Informazioni essenziali per i futuri genitori\" tabindex=\"-1\" target=\"_blank\">\n\t\t\tContinua a leggere \"\t\t<\/a>\n\n\t\t\t\t<\/div>\n\t\t\t\t<div class=\"elementor-post__meta-data\">\n\t\t\t\t\t<span class=\"elementor-post-date\">\n\t\t\t30 Luglio 2024\t\t<\/span>\n\t\t\t\t<\/div>\n\t\t\t\t\t<\/div>\n\t\t<\/article>\n\t\t\t\t<\/div>\n\t\t\n\t\t\t\t\t\t<\/div>\n\t\t\t\t<\/div>\n\t\t\t\t\t<\/div>\n\t\t<\/div>\n\t\t\t\t\t<\/div>\n\t\t<\/section>\n\t\t\t\t<\/div>\n\t\t","protected":false},"excerpt":{"rendered":"<p>Blog sulla fertilit\u00e0 Vuoi saperne di pi\u00f9 sui trattamenti di fertilit\u00e0 a Cipro? Ti copriamo noi! Dai un&#8217;occhiata al nostro blog per avere informazioni sulla<\/p>\n","protected":false},"author":1,"featured_media":0,"parent":0,"menu_order":0,"comment_status":"closed","ping_status":"closed","template":"elementor_header_footer","meta":{"footnotes":""},"class_list":["post-5788","page","type-page","status-publish","hentry"],"yoast_head":"<!-- This site is optimized with the Yoast SEO plugin v27.4 - https:\/\/yoast.com\/product\/yoast-seo-wordpress\/ -->\n<title>Blog - Dream IVF Cyprus<\/title>\n<meta name=\"robots\" content=\"index, follow, max-snippet:-1, max-image-preview:large, max-video-preview:-1\" \/>\n<link rel=\"canonical\" href=\"https:\/\/www.dreamivfcyprus.com\/it\/blog\/\" \/>\n<meta property=\"og:locale\" content=\"it_IT\" \/>\n<meta property=\"og:type\" content=\"article\" \/>\n<meta property=\"og:title\" content=\"Blog - Dream IVF Cyprus\" \/>\n<meta property=\"og:description\" content=\"Blog sulla fertilit\u00e0 Vuoi saperne di pi\u00f9 sui trattamenti di fertilit\u00e0 a Cipro? Ti copriamo noi! Dai un&#8217;occhiata al nostro blog per avere informazioni sulla\" \/>\n<meta property=\"og:url\" content=\"https:\/\/www.dreamivfcyprus.com\/it\/blog\/\" \/>\n<meta property=\"og:site_name\" content=\"Dream IVF Cyprus\" \/>\n<meta property=\"article:publisher\" content=\"https:\/\/www.facebook.com\/dreamivfcyprus\" \/>\n<meta property=\"article:modified_time\" content=\"2024-07-16T08:29:48+00:00\" \/>\n<meta name=\"twitter:card\" content=\"summary_large_image\" \/>\n<script type=\"application\/ld+json\" class=\"yoast-schema-graph\">{\"@context\":\"https:\\\/\\\/schema.org\",\"@graph\":[{\"@type\":\"WebPage\",\"@id\":\"https:\\\/\\\/www.dreamivfcyprus.com\\\/it\\\/blog\\\/\",\"url\":\"https:\\\/\\\/www.dreamivfcyprus.com\\\/it\\\/blog\\\/\",\"name\":\"Blog - Dream IVF Cyprus\",\"isPartOf\":{\"@id\":\"http:\\\/\\\/www.dreamivfcyprus.com\\\/it\\\/#website\"},\"datePublished\":\"2024-01-10T08:49:03+00:00\",\"dateModified\":\"2024-07-16T08:29:48+00:00\",\"breadcrumb\":{\"@id\":\"https:\\\/\\\/www.dreamivfcyprus.com\\\/it\\\/blog\\\/#breadcrumb\"},\"inLanguage\":\"it-IT\",\"potentialAction\":[{\"@type\":\"ReadAction\",\"target\":[\"https:\\\/\\\/www.dreamivfcyprus.com\\\/it\\\/blog\\\/\"]}]},{\"@type\":\"BreadcrumbList\",\"@id\":\"https:\\\/\\\/www.dreamivfcyprus.com\\\/it\\\/blog\\\/#breadcrumb\",\"itemListElement\":[{\"@type\":\"ListItem\",\"position\":1,\"name\":\"Casa\",\"item\":\"https:\\\/\\\/www.dreamivfcyprus.com\\\/it\\\/\"},{\"@type\":\"ListItem\",\"position\":2,\"name\":\"Blog\"}]},{\"@type\":\"WebSite\",\"@id\":\"http:\\\/\\\/www.dreamivfcyprus.com\\\/it\\\/#website\",\"url\":\"http:\\\/\\\/www.dreamivfcyprus.com\\\/it\\\/\",\"name\":\"Dream IVF Cyprus\",\"description\":\"\",\"publisher\":{\"@id\":\"http:\\\/\\\/www.dreamivfcyprus.com\\\/it\\\/#organization\"},\"potentialAction\":[{\"@type\":\"SearchAction\",\"target\":{\"@type\":\"EntryPoint\",\"urlTemplate\":\"http:\\\/\\\/www.dreamivfcyprus.com\\\/it\\\/?s={search_term_string}\"},\"query-input\":{\"@type\":\"PropertyValueSpecification\",\"valueRequired\":true,\"valueName\":\"search_term_string\"}}],\"inLanguage\":\"it-IT\"},{\"@type\":\"Organization\",\"@id\":\"http:\\\/\\\/www.dreamivfcyprus.com\\\/it\\\/#organization\",\"name\":\"Dream IVF Cyprus\",\"url\":\"http:\\\/\\\/www.dreamivfcyprus.com\\\/it\\\/\",\"logo\":{\"@type\":\"ImageObject\",\"inLanguage\":\"it-IT\",\"@id\":\"http:\\\/\\\/www.dreamivfcyprus.com\\\/it\\\/#\\\/schema\\\/logo\\\/image\\\/\",\"url\":\"https:\\\/\\\/www.dreamivfcyprus.com\\\/wp-content\\\/uploads\\\/2023\\\/12\\\/cropped-dreamlogo.webp\",\"contentUrl\":\"https:\\\/\\\/www.dreamivfcyprus.com\\\/wp-content\\\/uploads\\\/2023\\\/12\\\/cropped-dreamlogo.webp\",\"width\":924,\"height\":264,\"caption\":\"Dream IVF Cyprus\"},\"image\":{\"@id\":\"http:\\\/\\\/www.dreamivfcyprus.com\\\/it\\\/#\\\/schema\\\/logo\\\/image\\\/\"},\"sameAs\":[\"https:\\\/\\\/www.facebook.com\\\/dreamivfcyprus\",\"https:\\\/\\\/www.instagram.com\\\/cyprusdreamivf\\\/\"]}]}<\/script>\n<!-- \/ Yoast SEO plugin. -->","yoast_head_json":{"title":"Blog - Dream IVF Cyprus","robots":{"index":"index","follow":"follow","max-snippet":"max-snippet:-1","max-image-preview":"max-image-preview:large","max-video-preview":"max-video-preview:-1"},"canonical":"https:\/\/www.dreamivfcyprus.com\/it\/blog\/","og_locale":"it_IT","og_type":"article","og_title":"Blog - Dream IVF Cyprus","og_description":"Blog sulla fertilit\u00e0 Vuoi saperne di pi\u00f9 sui trattamenti di fertilit\u00e0 a Cipro? Ti copriamo noi! Dai un&#8217;occhiata al nostro blog per avere informazioni sulla","og_url":"https:\/\/www.dreamivfcyprus.com\/it\/blog\/","og_site_name":"Dream IVF Cyprus","article_publisher":"https:\/\/www.facebook.com\/dreamivfcyprus","article_modified_time":"2024-07-16T08:29:48+00:00","twitter_card":"summary_large_image","schema":{"@context":"https:\/\/schema.org","@graph":[{"@type":"WebPage","@id":"https:\/\/www.dreamivfcyprus.com\/it\/blog\/","url":"https:\/\/www.dreamivfcyprus.com\/it\/blog\/","name":"Blog - Dream IVF Cyprus","isPartOf":{"@id":"http:\/\/www.dreamivfcyprus.com\/it\/#website"},"datePublished":"2024-01-10T08:49:03+00:00","dateModified":"2024-07-16T08:29:48+00:00","breadcrumb":{"@id":"https:\/\/www.dreamivfcyprus.com\/it\/blog\/#breadcrumb"},"inLanguage":"it-IT","potentialAction":[{"@type":"ReadAction","target":["https:\/\/www.dreamivfcyprus.com\/it\/blog\/"]}]},{"@type":"BreadcrumbList","@id":"https:\/\/www.dreamivfcyprus.com\/it\/blog\/#breadcrumb","itemListElement":[{"@type":"ListItem","position":1,"name":"Casa","item":"https:\/\/www.dreamivfcyprus.com\/it\/"},{"@type":"ListItem","position":2,"name":"Blog"}]},{"@type":"WebSite","@id":"http:\/\/www.dreamivfcyprus.com\/it\/#website","url":"http:\/\/www.dreamivfcyprus.com\/it\/","name":"Dream IVF Cyprus","description":"","publisher":{"@id":"http:\/\/www.dreamivfcyprus.com\/it\/#organization"},"potentialAction":[{"@type":"SearchAction","target":{"@type":"EntryPoint","urlTemplate":"http:\/\/www.dreamivfcyprus.com\/it\/?s={search_term_string}"},"query-input":{"@type":"PropertyValueSpecification","valueRequired":true,"valueName":"search_term_string"}}],"inLanguage":"it-IT"},{"@type":"Organization","@id":"http:\/\/www.dreamivfcyprus.com\/it\/#organization","name":"Dream IVF Cyprus","url":"http:\/\/www.dreamivfcyprus.com\/it\/","logo":{"@type":"ImageObject","inLanguage":"it-IT","@id":"http:\/\/www.dreamivfcyprus.com\/it\/#\/schema\/logo\/image\/","url":"https:\/\/www.dreamivfcyprus.com\/wp-content\/uploads\/2023\/12\/cropped-dreamlogo.webp","contentUrl":"https:\/\/www.dreamivfcyprus.com\/wp-content\/uploads\/2023\/12\/cropped-dreamlogo.webp","width":924,"height":264,"caption":"Dream IVF Cyprus"},"image":{"@id":"http:\/\/www.dreamivfcyprus.com\/it\/#\/schema\/logo\/image\/"},"sameAs":["https:\/\/www.facebook.com\/dreamivfcyprus","https:\/\/www.instagram.com\/cyprusdreamivf\/"]}]}},"_links":{"self":[{"href":"https:\/\/www.dreamivfcyprus.com\/it\/wp-json\/wp\/v2\/pages\/5788","targetHints":{"allow":["GET"]}}],"collection":[{"href":"https:\/\/www.dreamivfcyprus.com\/it\/wp-json\/wp\/v2\/pages"}],"about":[{"href":"https:\/\/www.dreamivfcyprus.com\/it\/wp-json\/wp\/v2\/types\/page"}],"author":[{"embeddable":true,"href":"https:\/\/www.dreamivfcyprus.com\/it\/wp-json\/wp\/v2\/users\/1"}],"replies":[{"embeddable":true,"href":"https:\/\/www.dreamivfcyprus.com\/it\/wp-json\/wp\/v2\/comments?post=5788"}],"version-history":[{"count":0,"href":"https:\/\/www.dreamivfcyprus.com\/it\/wp-json\/wp\/v2\/pages\/5788\/revisions"}],"wp:attachment":[{"href":"https:\/\/www.dreamivfcyprus.com\/it\/wp-json\/wp\/v2\/media?parent=5788"}],"curies":[{"name":"wp","href":"https:\/\/api.w.org\/{rel}","templated":true}]}}